{"id":28551,"date":"2024-08-23T23:23:45","date_gmt":"2024-08-24T05:23:45","guid":{"rendered":"https:\/\/pintolux.com.mx\/wp\/?page_id=28551"},"modified":"2024-08-26T06:23:19","modified_gmt":"2024-08-26T12:23:19","slug":"simulador","status":"publish","type":"page","link":"https:\/\/pintolux.com.mx\/wp\/simulador\/","title":{"rendered":"Simulador"},"content":{"rendered":"\t\t<div data-elementor-type=\"wp-page\" data-elementor-id=\"28551\" class=\"elementor elementor-28551\" data-elementor-post-type=\"page\">\n\t\t\t\t<div class=\"wd-negative-gap elementor-element elementor-element-25f3451 e-grid e-con-boxed e-con e-parent\" data-id=\"25f3451\" data-element_type=\"container\">\n\t\t\t\t\t<div class=\"e-con-inner\">\n\t\t\t\t<div class=\"elementor-element elementor-element-fe455bd elementor-headline--style-highlight elementor-widget elementor-widget-animated-headline\" data-id=\"fe455bd\" data-element_type=\"widget\" data-settings=\"{&quot;marker&quot;:&quot;underline&quot;,&quot;highlighted_text&quot;:&quot;simulador Pintolux&quot;,&quot;headline_style&quot;:&quot;highlight&quot;,&quot;loop&quot;:&quot;yes&quot;,&quot;highlight_animation_duration&quot;:1200,&quot;highlight_iteration_delay&quot;:8000}\" data-widget_type=\"animated-headline.default\">\n\t\t\t\t\t\t\t<h3 class=\"elementor-headline\">\n\t\t\t\t\t<span class=\"elementor-headline-plain-text elementor-headline-text-wrapper\">Pinta y crea nuevos espacios con el<\/span>\n\t\t\t\t<span class=\"elementor-headline-dynamic-wrapper elementor-headline-text-wrapper\">\n\t\t\t\t\t<span class=\"elementor-headline-dynamic-text elementor-headline-text-active\">simulador Pintolux<\/span>\n\t\t\t\t<\/span>\n\t\t\t\t<\/h3>\n\t\t\t\t\t\t<\/div>\n\t\t\t\t<div class=\"elementor-element elementor-element-1c9e389 color-scheme-inherit text-left elementor-widget elementor-widget-text-editor\" data-id=\"1c9e389\" data-element_type=\"widget\" data-widget_type=\"text-editor.default\">\n\t\t\t\t\t\t\t\t\t<p style=\"text-align: center;\">\u00bfNo sabes qu\u00e9 pintura elegir? \u00bfNo est\u00e1s convencido del color para tu espacio? <br \/>Utiliza nuestro simulador y crea el espacio de tus sue\u00f1os.<\/p>\t\t\t\t\t\t\t\t<\/div>\n\t\t\t\t<div class=\"elementor-element elementor-element-a3a627d elementor-widget elementor-widget-shortcode\" data-id=\"a3a627d\" data-element_type=\"widget\" data-widget_type=\"shortcode.default\">\n\t\t\t\t\t\t\t<div class=\"elementor-shortcode\">\n\t<div class=\"section_instance\">\n\t\t<div class=\"row no-m\">\n\t\t<div class=\"simulador_wrapper\">\n\t\t\t<div class=\"top_tabs_sm\">\n\t\t\t\t<div class=\"top_tabs_select_wrapper\">\n\t\t\t\t\t<select name=\"\" id=\"top_tabs_select\">\n\t\t\t\t\t<option value=\"fachada\">Fachada<\/option>\n\t\t\t\t\t<option value=\"sala\">Sala<\/option>\n\t\t\t\t\t<option value=\"oficina\">Oficina<\/option>\n\t\t\t\t\t<option value=\"recamara\">Rec\u00e1mara<\/option>\n\t\t\t\t\t<\/select>\n\t\t\t\t<\/div>\n\t\t\t<\/div>\n\t\t\t<div class=\"top_tabs\">\n\t\t\t\t<div class=\"tab_instance tab-fachada\" data-content=\"fachada\">Fachada<\/div>\n\t\t\t\t<div class=\"tab_instance tab-sala\" data-content=\"sala\">Sala<\/div>\n\t\t\t\t<div class=\"tab_instance tab-oficina\" data-content=\"oficina\">Oficina<\/div>\n\t\t\t\t<div class=\"tab_instance tab-recamara\" data-content=\"recamara\">Rec\u00e1mara<\/div>\n\t\t\t<\/div>\n\t\t\t<div class=\"simulador_instance\">\n\t\t\t\t<div class=\"simuladorBackgroundImage-row\">\n\t\t\t\t<div class=\"simuladorBackgroundImage\">\n\t\t\t\t\t\n\t\t\t\t<\/div>\n\t\t\t\t<div class=\"colorGrid\">\n\t\t\t\t\t\t<div class=\"pinturas_row\">\n\t\t\t\t\t\t\t<div class=\"pintura_instance\" data-paint=\"pintolin\" id=\"pintolin\">Pintol\u00edn<\/div>\n\t\t\t\t\t\t\t<div class=\"pintura_instance\" data-paint=\"vindi\" id=\"vindi\">Vindi<\/div>\n\t\t\t\t\t\t\t<div class=\"pintura_instance\" data-paint=\"rainbow\" id=\"rainbow\">Rainbow<\/div>\n\t\t\t\t\t\t\t<div class=\"pintura_instance\" data-paint=\"pyc\" id=\"pyc\">Super P+C<\/div>\n\t\t\t\t\t\t<\/div>\n\t\t\t\t\t\t<div class=\"\">\n\t\t\t\t\t\t\t<ul class=\"actual_grid\"><\/ul>\n\t\t\t\t\t\t<\/div>\n\t\t\t\t\t<\/div>\n\t\t\t\t<\/div>\n\t\t\t\t<div class=\"simulador_right_col\">\n\t\t\t\t\t<div class=\"pantone_row\">\n\t\t\t\t\t\t<div class=\"pantone_circle\"><\/div>\n\t\t\t\t\t<\/div>\n\t\t\t\t\t<div class=\"characteristics_row\">\n\t\t\t\t\t\t<div class=\"chars_title\">Caracter\u00edsticas<\/div>\n\t\t\t\t\t\t<div class=\"chars_container\">\n\t\t\t\t\t\t\t<ul class=\"chars_ul\"><\/ul>\n\t\t\t\t\t\t<\/div>\n\t\t\t\t\t<\/div>\n\t\t\t\t\t<div class=\"galon_row\">\n\t\t\t\t\t\t<img decoding=\"async\" class=\"img-vindi\" src=\"https:\/\/ddmkt.com.mx\/projects\/pintolux\/wp-content\/uploads\/2024\/08\/VINDI-MATE.png\" width=\"150\" \/>\n\t\t\t\t\t\t<img decoding=\"async\" class=\"galones img-pintolin\" src=\"https:\/\/ddmkt.com.mx\/projects\/pintolux\/wp-content\/uploads\/2024\/08\/PINTOLIN.png\" width=\"150\" \/>\n\t\t\t\t\t\t<img decoding=\"async\" class=\"galones img-rainbow\" src=\"https:\/\/ddmkt.com.mx\/projects\/pintolux\/wp-content\/uploads\/2024\/08\/RAINBOW.png\" width=\"150\" \/>\n\t\t\t\t\t\t<img decoding=\"async\" class=\"galones img-super\" src=\"https:\/\/ddmkt.com.mx\/projects\/pintolux\/wp-content\/uploads\/2024\/08\/SUPER-PC.png\" width=\"150\" \/>\n\t\t\t\t\t<\/div>\n\t\t\t\t\t<div class=\"chars_button\">\n\t\t\t\t\t\t<a class=\"comprar-vindi\" href=\" https:\/\/ddmkt.com.mx\/projects\/pintolux\/producto\/vindi-mate\/\">Comprar<\/a>\n\t\t\t\t\t\t<a class=\"comprar-pintolin\" href=\"https:\/\/ddmkt.com.mx\/projects\/pintolux\/producto\/pintolin\/\">Comprar<\/a>\n\t\t\t\t\t\t<a class=\"comprar-rainbow\" href=\"https:\/\/ddmkt.com.mx\/projects\/pintolux\/producto\/rainbow\">Comprar<\/a>\n\t\t\t\t\t\t<a class=\"comprar-super\" href=\"https:\/\/ddmkt.com.mx\/projects\/pintolux\/producto\/super-pc\/\">Comprar<\/a>\n\t\t\t\t\t<\/div>\n\t\t\t\t<\/div>\n\t\t\t<\/div>\n\t\t<\/div>\n\t\t<\/div>\n\t<\/div>\n\n    <script>\n\t\tlet url = 'https:\/\/pintolux.com.mx\/wp\/wp-content\/plugins\/jc-simulator'; \t \n\t<\/script>\n\t\n<\/div>\n\t\t\t\t\t\t<\/div>\n\t\t\t\t\t<\/div>\n\t\t\t\t<\/div>\n\t\t<div class=\"wd-negative-gap elementor-element elementor-element-5d961fb e-grid e-con-boxed e-con e-parent\" data-id=\"5d961fb\" data-element_type=\"container\">\n\t\t\t\t\t<div class=\"e-con-inner\">\n\t\t\t\t<div class=\"elementor-element elementor-element-c431b97 elementor-headline--style-highlight elementor-widget elementor-widget-animated-headline\" data-id=\"c431b97\" data-element_type=\"widget\" data-settings=\"{&quot;marker&quot;:&quot;underline&quot;,&quot;highlighted_text&quot;:&quot;litros&quot;,&quot;headline_style&quot;:&quot;highlight&quot;,&quot;loop&quot;:&quot;yes&quot;,&quot;highlight_animation_duration&quot;:1200,&quot;highlight_iteration_delay&quot;:8000}\" data-widget_type=\"animated-headline.default\">\n\t\t\t\t\t\t\t<h3 class=\"elementor-headline\">\n\t\t\t\t\t<span class=\"elementor-headline-plain-text elementor-headline-text-wrapper\">\u00bfCu\u00e1ntos <\/span>\n\t\t\t\t<span class=\"elementor-headline-dynamic-wrapper elementor-headline-text-wrapper\">\n\t\t\t\t\t<span class=\"elementor-headline-dynamic-text elementor-headline-text-active\">litros<\/span>\n\t\t\t\t<\/span>\n\t\t\t\t\t<span class=\"elementor-headline-plain-text elementor-headline-text-wrapper\"> necesitas para pintar tu espacio?<\/span>\n\t\t\t\t\t<\/h3>\n\t\t\t\t\t\t<\/div>\n\t\t\t\t<div class=\"elementor-element elementor-element-5a36abd color-scheme-inherit text-left elementor-widget elementor-widget-text-editor\" data-id=\"5a36abd\" data-element_type=\"widget\" data-widget_type=\"text-editor.default\">\n\t\t\t\t\t\t\t\t\t<p style=\"text-align: center;\">D\u00e9janos ayudarte para que no compres de m\u00e1s. <br \/>S\u00f3lo elige el producto Pintolux que est\u00e1s interesado, ingresa las dimensiones de la superficie a pintar y nuestra Calculadora Pintolux te dir\u00e1 cuanto necesitas.<\/p>\t\t\t\t\t\t\t\t<\/div>\n\t\t\t\t<div class=\"elementor-element elementor-element-4162bc9 elementor-widget elementor-widget-shortcode\" data-id=\"4162bc9\" data-element_type=\"widget\" data-widget_type=\"shortcode.default\">\n\t\t\t\t\t\t\t<div class=\"elementor-shortcode\">\n\t<div class=\"second_section\">\n\t\t<div class=\"row no-m\">\n\t\t\t<div class=\"col-12 text-center\">\n\t\t\t\t<div class=\"calc_container\">\n\t\t\t\t\t<div class=\"left_calc\">\n\t\t\t\t\t\t<div class=\"calc_title_left\">\n\t\t\t\t\t\t\t<div class=\"inner_title_left\">Producto Pintolux<\/div>\n\t\t\t\t\t\t<\/div>\n\t\t\t\t\t\t<div class=\"input_dropdown\">\n\t\t\t\t\t\t\t<div class=\"_input_inner_wrapper select_input_wrapper\">\n\t\t\t\t\t\t\t\t<label for=\"\">L\u00ednea<\/label><br \/>\n\t\t\t\t\t\t\t\t<select name=\"\" id=\"linea_select\">\n\t\t\t\t\t\t\t\t\t<option value=\"\"><\/option>\n\t\t\t\t\t\t\t\t\t<option value=\"5\">Pintol\u00edn<\/option>\n\t\t\t\t\t\t\t\t\t<option value=\"7\">Super P+C<\/option>\n\t\t\t\t\t\t\t\t\t<option value=\"8\">Vindi Mate<\/option>\n\t\t\t\t\t\t\t\t\t<option value=\"7\">Vindi Satinada<\/option>\n\t\t\t\t\t\t\t\t\t<option value=\"10\">Rainbow Satinada<\/option>\n\t\t\t\t\t\t\t\t\t<option value=\"9\">Rainbow Mate<\/option>\n\t\t\t\t\t\t\t\t\t<option value=\"6\">5 Estrellas<\/option>\n\t\t\t\t\t\t\t\t\t<option value=\"9\">5 Estrellas Plus<\/option>\n\t\t\t\t\t\t\t\t\t<option value=\"1.5\">Aerofast<\/option>\n\t\t\t\t\t\t\t\t\t<option value=\"9\">Ecofast<\/option>\n\t\t\t\t\t\t\t\t\t<option value=\"5\">Imper Primer<\/option>\n\t\t\t\t\t\t\t\t\t<option value=\"1\">Imper Cril 3 a\u00f1os<\/option>\n\t\t\t\t\t\t\t\t\t<option value=\"1\">Imper Cril 5 a\u00f1os<\/option>\n\t\t\t\t\t\t\t\t\t<option value=\"1\">Imper Cril Fibratado 3 - 5 a\u00f1os<\/option>\n\t\t\t\t\t\t\t\t\t<option value=\"1\">Imper Cril Fibratado 5 - 7 a\u00f1os<\/option>\n\t\t\t\t\t\t\t\t\t<option value=\"1\">Imper Rok<\/option>\n\t\t\t\t\t\t\t\t<\/select>\n\t\t\t\t\t\t\t\t<div class=\"aviso_manos\">\n\t\t\t\t\t\t\t\t\t<img decoding=\"async\" src=\"https:\/\/pintolux.com.mx\/wp\/wp-content\/plugins\/jc-simulator\/assets\/brush.png\" alt=\"brocha\" \/>\n\t\t\t\t\t\t\t\t\t<div class=\"tooltip_\">\n\t\t\t\t\t\t\t\t\t\t<img decoding=\"async\" src=\"https:\/\/pintolux.com.mx\/wp\/wp-content\/plugins\/jc-simulator\/assets\/info.png\" alt=\"info\" \/>\n\t\t\t\t\t\t\t\t\t\t<span class=\"tooltiptext\">Pintura contemplada a 1 mano<\/span>\n\t\t\t\t\t\t\t\t\t<\/div>\n\t\t\t\t\t\t\t\t<\/div>\n\t\t\t\t\t\t\t\t<div class=\"aviso_manos2\">\n\t\t\t\t\t\t\t\t\t<img decoding=\"async\" src=\"https:\/\/pintolux.com.mx\/wp\/wp-content\/plugins\/jc-simulator\/assets\/brush.png\" alt=\"brocha\" \/>\n\t\t\t\t\t\t\t\t\t<div class=\"tooltip_\">\n\t\t\t\t\t\t\t\t\t\t<img decoding=\"async\" src=\"https:\/\/pintolux.com.mx\/wp\/wp-content\/plugins\/jc-simulator\/assets\/info.png\" alt=\"info\" \/>\n\t\t\t\t\t\t\t\t\t\t<span class=\"tooltiptext\">Pintura contemplada a 2 manos<\/span>\n\t\t\t\t\t\t\t\t\t<\/div>\n\t\t\t\t\t\t\t\t<\/div>\n\t\t\t\t\t\t\t<\/div>\n\t\t\t\t\t\t<\/div>\n\t\t\t\t\t<\/div>\n\n\t\t\t\t\t<div class=\"right_calc\">\n\t\t\t\t\t\t<div class=\"calc_title_left\">\n\t\t\t\t\t\t\t<div class=\"inner_title_left\">\u00bfCu\u00e1nto mide la superficie?<\/div>\n\t\t\t\t\t\t<\/div>\n\n\t\t\t\t\t\t<div class=\"input_wrapper_calc\">\n\t\t\t\t\t\t\t<div class=\"input_dropdown _left_dd\">\n\t\t\t\t\t\t\t\t<div class=\"_input_inner_wrapper\">\n\t\t\t\t\t\t\t\t\t<label for=\"\">Alto<\/label><br \/>\n\t\t\t\t\t\t\t\t\t<input type=\"tel\" class=\"calc_input\" placeholder=\"mts\" id=\"height_input\"\/>\n\t\t\t\t\t\t\t\t<\/div>\n\t\t\t\t\t\t\t<\/div>\n\n\t\t\t\t\t\t\t<div class=\"input_dropdown _right_dd\">\n\t\t\t\t\t\t\t\t<div class=\"_input_inner_wrapper\">\n\t\t\t\t\t\t\t\t\t<label for=\"\">Ancho<\/label><br \/>\n\t\t\t\t\t\t\t\t\t<input type=\"tel\" class=\"calc_input\" placeholder=\"mts\" id=\"width_input\" \/>\n\t\t\t\t\t\t\t\t<\/div>\n\t\t\t\t\t\t\t<\/div>\n\n\t\t\t\t\t\t\t<div class=\"input_dropdown _right_dd\">\n\t\t\t\t\t\t\t\t<div class=\"_input_inner_wrapper\">\n\t\t\t\t\t\t\t\t\t<label class=\"elLabel\" >= <span class=\"elNumero\"><\/span>mts<sup>2<\/sup><\/label>\n\t\t\t\t\t\t\t\t<\/div>\n\t\t\t\t\t\t\t<\/div>\n\t\t\t\t\t\t<\/div>\n\t\t\t\t\t<\/div>\n\t\t\t\t<\/div>\n\t\t\t<\/div>\n\n\t\t\t<div class=\"col-12 apply_button mt-3\">\n\t\t\t\t<button class=\"pink_button btn calc_button\">Calcular<\/button>\n\t\t\t<\/div>\n\n\t\t\t<div class=\"col-12 mt-5 mb-3\">\n\t\t\t\t<div class=\"calc_result\">NECESITAR\u00c1S <br class=\"shown_sm\" \/>\n\t\t\t\t\t<div class=\"calc_result_text calc_bg\"><\/div>\n\t\t\t\t\t<span class=\"tipoDe\">LITROS<\/span>&nbsp; APROX.\n\t\t\t\t<\/div>\n\t\t\t\t<div class=\"result_sm text-center\">\n\t\t\t\t\t<div class=\"calc_result_text\" style=\"margin: 0 auto\"><\/div>\n\t\t\t\t<\/div>\n\t\t\t<\/div>\n\t\t\t\n\t\t<\/div>\n\t<\/div>\n\n    <script>\n\t\tlet url = 'https:\/\/pintolux.com.mx\/wp\/wp-content\/plugins\/jc-simulator';\n\t<\/script>\n\t\n<\/div>\n\t\t\t\t\t\t<\/div>\n\t\t\t\t<div class=\"elementor-element elementor-element-60426ef color-scheme-inherit text-left elementor-widget elementor-widget-text-editor\" data-id=\"60426ef\" data-element_type=\"widget\" data-widget_type=\"text-editor.default\">\n\t\t\t\t\t\t\t\t\t<div class=\"col-12 mb-3 mt-3\"><div class=\"recommendation_text\">Se recomienda para su aplicaci\u00f3n brocha o rodillo.<\/div><\/div>\t\t\t\t\t\t\t\t<\/div>\n\t\t\t\t\t<\/div>\n\t\t\t\t<\/div>\n\t\t\t\t<\/div>\n\t\t","protected":false},"excerpt":{"rendered":"<p>Pinta y crea nuevos espacios con el simulador Pintolux \u00bfNo sabes qu\u00e9 pintura elegir? \u00bfNo est\u00e1s convencido del color para<\/p>\n","protected":false},"author":2,"featured_media":0,"parent":0,"menu_order":0,"comment_status":"closed","ping_status":"closed","template":"elementor_header_footer","meta":{"_cloudinary_featured_overwrite":false,"_joinchat":[],"footnotes":""},"class_list":["post-28551","page","type-page","status-publish","hentry"],"yoast_head":"<!-- This site is optimized with the Yoast SEO plugin v26.1.1 - https:\/\/yoast.com\/wordpress\/plugins\/seo\/ -->\n<title>Simulador - Pintolux<\/title>\n<meta name=\"robots\" content=\"index, follow, max-snippet:-1, max-image-preview:large, max-video-preview:-1\" \/>\n<link rel=\"canonical\" href=\"https:\/\/pintolux.com.mx\/wp\/simulador\/\" \/>\n<meta property=\"og:locale\" content=\"es_ES\" \/>\n<meta property=\"og:type\" content=\"article\" \/>\n<meta property=\"og:title\" content=\"Simulador - Pintolux\" \/>\n<meta property=\"og:description\" content=\"Pinta y crea nuevos espacios con el simulador Pintolux \u00bfNo sabes qu\u00e9 pintura elegir? \u00bfNo est\u00e1s convencido del color para\" \/>\n<meta property=\"og:url\" content=\"https:\/\/pintolux.com.mx\/wp\/simulador\/\" \/>\n<meta property=\"og:site_name\" content=\"Pintolux\" \/>\n<meta property=\"article:modified_time\" content=\"2024-08-26T12:23:19+00:00\" \/>\n<meta name=\"twitter:card\" content=\"summary_large_image\" \/>\n<meta name=\"twitter:label1\" content=\"Tiempo de lectura\" \/>\n\t<meta name=\"twitter:data1\" content=\"1 minuto\" \/>\n<script type=\"application\/ld+json\" class=\"yoast-schema-graph\">{\"@context\":\"https:\/\/schema.org\",\"@graph\":[{\"@type\":\"WebPage\",\"@id\":\"https:\/\/pintolux.com.mx\/wp\/simulador\/\",\"url\":\"https:\/\/pintolux.com.mx\/wp\/simulador\/\",\"name\":\"Simulador - Pintolux\",\"isPartOf\":{\"@id\":\"https:\/\/pintolux.com.mx\/wp\/#website\"},\"datePublished\":\"2024-08-24T05:23:45+00:00\",\"dateModified\":\"2024-08-26T12:23:19+00:00\",\"breadcrumb\":{\"@id\":\"https:\/\/pintolux.com.mx\/wp\/simulador\/#breadcrumb\"},\"inLanguage\":\"es\",\"potentialAction\":[{\"@type\":\"ReadAction\",\"target\":[\"https:\/\/pintolux.com.mx\/wp\/simulador\/\"]}]},{\"@type\":\"BreadcrumbList\",\"@id\":\"https:\/\/pintolux.com.mx\/wp\/simulador\/#breadcrumb\",\"itemListElement\":[{\"@type\":\"ListItem\",\"position\":1,\"name\":\"Home\",\"item\":\"https:\/\/pintolux.com.mx\/wp\/\"},{\"@type\":\"ListItem\",\"position\":2,\"name\":\"Simulador\"}]},{\"@type\":\"WebSite\",\"@id\":\"https:\/\/pintolux.com.mx\/wp\/#website\",\"url\":\"https:\/\/pintolux.com.mx\/wp\/\",\"name\":\"Pintolux\",\"description\":\"Empresa 100% Mexicana con la mejor calidad en pintura vin\u00edlica, esmaltes, productos para madera, industriales y mucho m\u00e1s.\",\"potentialAction\":[{\"@type\":\"SearchAction\",\"target\":{\"@type\":\"EntryPoint\",\"urlTemplate\":\"https:\/\/pintolux.com.mx\/wp\/?s={search_term_string}\"},\"query-input\":{\"@type\":\"PropertyValueSpecification\",\"valueRequired\":true,\"valueName\":\"search_term_string\"}}],\"inLanguage\":\"es\"}]}<\/script>\n<!-- \/ Yoast SEO plugin. -->","yoast_head_json":{"title":"Simulador - Pintolux","robots":{"index":"index","follow":"follow","max-snippet":"max-snippet:-1","max-image-preview":"max-image-preview:large","max-video-preview":"max-video-preview:-1"},"canonical":"https:\/\/pintolux.com.mx\/wp\/simulador\/","og_locale":"es_ES","og_type":"article","og_title":"Simulador - Pintolux","og_description":"Pinta y crea nuevos espacios con el simulador Pintolux \u00bfNo sabes qu\u00e9 pintura elegir? \u00bfNo est\u00e1s convencido del color para","og_url":"https:\/\/pintolux.com.mx\/wp\/simulador\/","og_site_name":"Pintolux","article_modified_time":"2024-08-26T12:23:19+00:00","twitter_card":"summary_large_image","twitter_misc":{"Tiempo de lectura":"1 minuto"},"schema":{"@context":"https:\/\/schema.org","@graph":[{"@type":"WebPage","@id":"https:\/\/pintolux.com.mx\/wp\/simulador\/","url":"https:\/\/pintolux.com.mx\/wp\/simulador\/","name":"Simulador - Pintolux","isPartOf":{"@id":"https:\/\/pintolux.com.mx\/wp\/#website"},"datePublished":"2024-08-24T05:23:45+00:00","dateModified":"2024-08-26T12:23:19+00:00","breadcrumb":{"@id":"https:\/\/pintolux.com.mx\/wp\/simulador\/#breadcrumb"},"inLanguage":"es","potentialAction":[{"@type":"ReadAction","target":["https:\/\/pintolux.com.mx\/wp\/simulador\/"]}]},{"@type":"BreadcrumbList","@id":"https:\/\/pintolux.com.mx\/wp\/simulador\/#breadcrumb","itemListElement":[{"@type":"ListItem","position":1,"name":"Home","item":"https:\/\/pintolux.com.mx\/wp\/"},{"@type":"ListItem","position":2,"name":"Simulador"}]},{"@type":"WebSite","@id":"https:\/\/pintolux.com.mx\/wp\/#website","url":"https:\/\/pintolux.com.mx\/wp\/","name":"Pintolux","description":"Empresa 100% Mexicana con la mejor calidad en pintura vin\u00edlica, esmaltes, productos para madera, industriales y mucho m\u00e1s.","potentialAction":[{"@type":"SearchAction","target":{"@type":"EntryPoint","urlTemplate":"https:\/\/pintolux.com.mx\/wp\/?s={search_term_string}"},"query-input":{"@type":"PropertyValueSpecification","valueRequired":true,"valueName":"search_term_string"}}],"inLanguage":"es"}]}},"_links":{"self":[{"href":"https:\/\/pintolux.com.mx\/wp\/wp-json\/wp\/v2\/pages\/28551","targetHints":{"allow":["GET"]}}],"collection":[{"href":"https:\/\/pintolux.com.mx\/wp\/wp-json\/wp\/v2\/pages"}],"about":[{"href":"https:\/\/pintolux.com.mx\/wp\/wp-json\/wp\/v2\/types\/page"}],"author":[{"embeddable":true,"href":"https:\/\/pintolux.com.mx\/wp\/wp-json\/wp\/v2\/users\/2"}],"replies":[{"embeddable":true,"href":"https:\/\/pintolux.com.mx\/wp\/wp-json\/wp\/v2\/comments?post=28551"}],"version-history":[{"count":0,"href":"https:\/\/pintolux.com.mx\/wp\/wp-json\/wp\/v2\/pages\/28551\/revisions"}],"wp:attachment":[{"href":"https:\/\/pintolux.com.mx\/wp\/wp-json\/wp\/v2\/media?parent=28551"}],"curies":[{"name":"wp","href":"https:\/\/api.w.org\/{rel}","templated":true}]}}