{"id":498,"date":"2024-05-24T11:08:10","date_gmt":"2024-05-24T17:08:10","guid":{"rendered":"https:\/\/dummy.xtemos.com\/woodmart2\/furniture2-elementor\/?post_type=product&#038;p=498"},"modified":"2025-12-04T22:03:42","modified_gmt":"2025-12-05T04:03:42","slug":"pintolin","status":"publish","type":"product","link":"https:\/\/pintolux.com.mx\/wp\/producto\/pintolin\/","title":{"rendered":"Pintolin"},"content":{"rendered":"\t\t<div data-elementor-type=\"wp-post\" data-elementor-id=\"498\" class=\"elementor elementor-498\" data-elementor-post-type=\"product\">\n\t\t\t\t\t\t<section class=\"wd-negative-gap elementor-section elementor-top-section elementor-element elementor-element-c937877 elementor-section-boxed elementor-section-height-default elementor-section-height-default\" data-id=\"c937877\" data-element_type=\"section\">\n\t\t\t\t\t\t<div class=\"elementor-container elementor-column-gap-default\">\n\t\t\t\t\t<div class=\"elementor-column elementor-col-100 elementor-top-column elementor-element elementor-element-b4e37de\" data-id=\"b4e37de\" data-element_type=\"column\">\n\t\t\t<div class=\"elementor-widget-wrap elementor-element-populated\">\n\t\t\t\t\t\t<div class=\"elementor-element elementor-element-e076ef1 elementor-widget elementor-widget-wd_image_or_svg\" data-id=\"e076ef1\" data-element_type=\"widget\" data-widget_type=\"wd_image_or_svg.default\">\n\t\t\t\t<div class=\"elementor-widget-container\">\n\t\t\t\t\t\n\t\t<div class=\"wd-image text-left\">\n\t\t\t\t\t\t\t\t<img width=\"680\" height=\"280\" data-public-id=\"description-about-brand-3-opt\/description-about-brand-3-opt.jpg\" decoding=\"async\" src=\"https:\/\/res.cloudinary.com\/dxa0gho9p\/images\/w_680,h_280,c_scale\/f_auto,q_auto\/v1760723000\/description-about-brand-3-opt\/description-about-brand-3-opt.jpg?_i=AA\" class=\"attachment-full size-full wp-image-254\" alt=\"\" data-format=\"jpg\" data-transformations=\"f_auto,q_auto\" data-version=\"1760723000\" data-seo=\"1\" data-responsive=\"1\" srcset=\"https:\/\/res.cloudinary.com\/dxa0gho9p\/images\/w_680,h_280,c_scale\/f_auto,q_auto\/v1760723000\/description-about-brand-3-opt\/description-about-brand-3-opt.jpg?_i=AA 680w, https:\/\/res.cloudinary.com\/dxa0gho9p\/images\/w_648,h_266,c_scale\/f_auto,q_auto\/v1760723000\/description-about-brand-3-opt\/description-about-brand-3-opt.jpg?_i=AA 648w, https:\/\/res.cloudinary.com\/dxa0gho9p\/images\/w_448,h_184,c_scale\/f_auto,q_auto\/v1760723000\/description-about-brand-3-opt\/description-about-brand-3-opt.jpg?_i=AA 448w, https:\/\/res.cloudinary.com\/dxa0gho9p\/images\/w_248,h_102,c_scale\/f_auto,q_auto\/v1760723000\/description-about-brand-3-opt\/description-about-brand-3-opt.jpg?_i=AA 248w\" sizes=\"(max-width: 680px) 100vw, 680px\" \/>\t\t\t\t\t<\/div>\n\n\t\t\t\t\t\t<\/div>\n\t\t\t\t<\/div>\n\t\t\t\t<div class=\"elementor-element elementor-element-ebf770c elementor-widget elementor-widget-wd_text_block\" data-id=\"ebf770c\" data-element_type=\"widget\" data-widget_type=\"wd_text_block.default\">\n\t\t\t\t<div class=\"elementor-widget-container\">\n\t\t\t\t\t\t\t<div class=\"wd-text-block reset-last-child text-left\">\n\t\t\t\n\t\t\t<p>The company reinterprets tradition by calling upon international designers to work with them and developing new technologies and materials to guarantee innovative and surprising results. Passion is the engine that drives the brand \u2013 together with its renowned creatives and high-profile collaborators \u2013 to search for original solutions using advanced materials, methods, tools, and technologies.\n\t\t\t\t\t<\/div>\n\t\t\t\t\t\t<\/div>\n\t\t\t\t<\/div>\n\t\t\t\t<div class=\"elementor-element elementor-element-51d04c2 elementor-widget elementor-widget-wd_list\" data-id=\"51d04c2\" data-element_type=\"widget\" data-widget_type=\"wd_list.default\">\n\t\t\t\t<div class=\"elementor-widget-container\">\n\t\t\t\t\t\t\t<ul class=\"wd-list color-scheme- wd-fontsize-s wd-type-image wd-style-default text-left\">\n\t\t\t\t\t\t\t\t\t\t\t<li class=\"elementor-repeater-item-14e774a\">\n\t\t\t\t\t\t\t\t\t\t\t<span class=\"wd-icon\"><img decoding=\"async\" class=\" wd-lazy-fade\"  src=\"https:\/\/pintolux.com.mx\/wp\/wp-content\/themes\/woodmart\/images\/lazy.svg\" data-src=\"https:\/\/pintolux.com.mx\/wp\/wp-content\/uploads\/2023\/04\/wd-furniture-dot-list.svg\" title=\"wd-furniture-dot-list\" loading=\"lazy\" width=\"6\" height=\"6\"><\/span>\t\t\t\t\t\n\t\t\t\t\t<span class=\"wd-list-content list-content\">\n\t\t\t\t\t\t\t\t\t\t\t\t\tChoose items in a single color scheme and style\t\t\t\t\t\t\t\t\t\t\t<\/span>\n\t\t\t\t<\/li>\n\t\t\t\t\t\t\t\t\t\t\t<li class=\"elementor-repeater-item-f676396\">\n\t\t\t\t\t\t\t\t\t\t\t<span class=\"wd-icon\"><img decoding=\"async\" class=\" wd-lazy-fade\"  src=\"https:\/\/pintolux.com.mx\/wp\/wp-content\/themes\/woodmart\/images\/lazy.svg\" data-src=\"https:\/\/pintolux.com.mx\/wp\/wp-content\/uploads\/2023\/04\/wd-furniture-dot-list.svg\" title=\"wd-furniture-dot-list\" loading=\"lazy\" width=\"6\" height=\"6\"><\/span>\t\t\t\t\t\n\t\t\t\t\t<span class=\"wd-list-content list-content\">\n\t\t\t\t\t\t\t\t\t\t\t\t\tConsider the area of the room\t\t\t\t\t\t\t\t\t\t\t<\/span>\n\t\t\t\t<\/li>\n\t\t\t\t\t\t\t\t\t\t\t<li class=\"elementor-repeater-item-5c6fb97\">\n\t\t\t\t\t\t\t\t\t\t\t<span class=\"wd-icon\"><img decoding=\"async\" class=\" wd-lazy-fade\"  src=\"https:\/\/pintolux.com.mx\/wp\/wp-content\/themes\/woodmart\/images\/lazy.svg\" data-src=\"https:\/\/pintolux.com.mx\/wp\/wp-content\/uploads\/2023\/04\/wd-furniture-dot-list.svg\" title=\"wd-furniture-dot-list\" loading=\"lazy\" width=\"6\" height=\"6\"><\/span>\t\t\t\t\t\n\t\t\t\t\t<span class=\"wd-list-content list-content\">\n\t\t\t\t\t\t\t\t\t\t\t\t\tDo not buy unnecessary pieces of furniture\t\t\t\t\t\t\t\t\t\t\t<\/span>\n\t\t\t\t<\/li>\n\t\t\t\t\t<\/ul>\n\n\t\t\t\t\t\t<\/div>\n\t\t\t\t<\/div>\n\t\t\t\t\t<\/div>\n\t\t<\/div>\n\t\t\t\t\t<\/div>\n\t\t<\/section>\n\t\t\t\t<\/div>\n\t\t","protected":false},"excerpt":{"rendered":"<p>Pintura econ\u00f3mica y rendidora para interiores y exteriores. Ideal para espacios peque\u00f1os con m\u00e1ximo rendimiento y acabado confiable.<\/p>\n","protected":false},"featured_media":27968,"comment_status":"open","ping_status":"closed","template":"","meta":{"_cloudinary_featured_overwrite":false,"_joinchat":[]},"product_brand":[],"product_cat":[138],"product_tag":[469,467,468,466],"class_list":{"0":"post-498","1":"product","2":"type-product","3":"status-publish","4":"has-post-thumbnail","6":"product_cat-vinilicas","7":"product_tag-economica","8":"product_tag-interior-y-exterior","9":"product_tag-limpiable","10":"product_tag-pintura-blanca","11":"product_shipping_class-peso-envios","13":"first","14":"instock","15":"taxable","16":"shipping-taxable","17":"purchasable","18":"product-type-variable","19":"has-default-attributes"},"yoast_head":"<!-- This site is optimized with the Yoast SEO plugin v26.1.1 - https:\/\/yoast.com\/wordpress\/plugins\/seo\/ -->\n<title>Pintolin - Pintolux<\/title>\n<meta name=\"description\" content=\"Pintolin - pintura econ\u00f3mica y rendidora para interiores y exteriores. Ideal para espacios peque\u00f1os, con m\u00e1ximo rendimiento y f\u00e1cil aplicaci\u00f3n.\" \/>\n<meta name=\"robots\" content=\"index, follow, max-snippet:-1, max-image-preview:large, max-video-preview:-1\" \/>\n<link rel=\"canonical\" href=\"https:\/\/pintolux.com.mx\/wp\/producto\/pintolin\/\" \/>\n<meta property=\"og:locale\" content=\"es_ES\" \/>\n<meta property=\"og:type\" content=\"article\" \/>\n<meta property=\"og:title\" content=\"Pintolin - Pintolux\" \/>\n<meta property=\"og:description\" content=\"Pintolin - pintura econ\u00f3mica y rendidora para interiores y exteriores. Ideal para espacios peque\u00f1os, con m\u00e1ximo rendimiento y f\u00e1cil aplicaci\u00f3n.\" \/>\n<meta property=\"og:url\" content=\"https:\/\/pintolux.com.mx\/wp\/producto\/pintolin\/\" \/>\n<meta property=\"og:site_name\" content=\"Pintolux\" \/>\n<meta property=\"article:modified_time\" content=\"2025-12-05T04:03:42+00:00\" \/>\n<meta property=\"og:image\" content=\"https:\/\/res.cloudinary.com\/dxa0gho9p\/images\/f_auto,q_auto\/v1760717975\/PINTOLIN\/PINTOLIN.png?_i=AA\" \/>\n\t<meta property=\"og:image:width\" content=\"1200\" \/>\n\t<meta property=\"og:image:height\" content=\"1167\" \/>\n\t<meta property=\"og:image:type\" content=\"image\/png\" \/>\n<meta name=\"twitter:card\" content=\"summary_large_image\" \/>\n<meta name=\"twitter:label1\" content=\"Tiempo de lectura\" \/>\n\t<meta name=\"twitter:data1\" content=\"2 minutos\" \/>\n<script type=\"application\/ld+json\" class=\"yoast-schema-graph\">{\"@context\":\"https:\/\/schema.org\",\"@graph\":[{\"@type\":\"WebPage\",\"@id\":\"https:\/\/pintolux.com.mx\/wp\/producto\/pintolin\/\",\"url\":\"https:\/\/pintolux.com.mx\/wp\/producto\/pintolin\/\",\"name\":\"Pintolin - Pintolux\",\"isPartOf\":{\"@id\":\"https:\/\/pintolux.com.mx\/wp\/#website\"},\"primaryImageOfPage\":{\"@id\":\"https:\/\/pintolux.com.mx\/wp\/producto\/pintolin\/#primaryimage\"},\"image\":{\"@id\":\"https:\/\/pintolux.com.mx\/wp\/producto\/pintolin\/#primaryimage\"},\"thumbnailUrl\":\"https:\/\/res.cloudinary.com\/dxa0gho9p\/images\/f_auto,q_auto\/v1760717975\/PINTOLIN\/PINTOLIN.png?_i=AA\",\"datePublished\":\"2024-05-24T17:08:10+00:00\",\"dateModified\":\"2025-12-05T04:03:42+00:00\",\"description\":\"Pintolin - pintura econ\u00f3mica y rendidora para interiores y exteriores. Ideal para espacios peque\u00f1os, con m\u00e1ximo rendimiento y f\u00e1cil aplicaci\u00f3n.\",\"breadcrumb\":{\"@id\":\"https:\/\/pintolux.com.mx\/wp\/producto\/pintolin\/#breadcrumb\"},\"inLanguage\":\"es\",\"potentialAction\":[{\"@type\":\"ReadAction\",\"target\":[\"https:\/\/pintolux.com.mx\/wp\/producto\/pintolin\/\"]}]},{\"@type\":\"ImageObject\",\"inLanguage\":\"es\",\"@id\":\"https:\/\/pintolux.com.mx\/wp\/producto\/pintolin\/#primaryimage\",\"url\":\"https:\/\/res.cloudinary.com\/dxa0gho9p\/images\/f_auto,q_auto\/v1760717975\/PINTOLIN\/PINTOLIN.png?_i=AA\",\"contentUrl\":\"https:\/\/res.cloudinary.com\/dxa0gho9p\/images\/f_auto,q_auto\/v1760717975\/PINTOLIN\/PINTOLIN.png?_i=AA\",\"width\":1200,\"height\":1167},{\"@type\":\"BreadcrumbList\",\"@id\":\"https:\/\/pintolux.com.mx\/wp\/producto\/pintolin\/#breadcrumb\",\"itemListElement\":[{\"@type\":\"ListItem\",\"position\":1,\"name\":\"Home\",\"item\":\"https:\/\/pintolux.com.mx\/wp\/\"},{\"@type\":\"ListItem\",\"position\":2,\"name\":\"Tienda\",\"item\":\"https:\/\/pintolux.com.mx\/wp\/tienda\/\"},{\"@type\":\"ListItem\",\"position\":3,\"name\":\"Pintolin\"}]},{\"@type\":\"WebSite\",\"@id\":\"https:\/\/pintolux.com.mx\/wp\/#website\",\"url\":\"https:\/\/pintolux.com.mx\/wp\/\",\"name\":\"Pintolux\",\"description\":\"Empresa 100% Mexicana con la mejor calidad en pintura vin\u00edlica, esmaltes, productos para madera, industriales y mucho m\u00e1s.\",\"potentialAction\":[{\"@type\":\"SearchAction\",\"target\":{\"@type\":\"EntryPoint\",\"urlTemplate\":\"https:\/\/pintolux.com.mx\/wp\/?s={search_term_string}\"},\"query-input\":{\"@type\":\"PropertyValueSpecification\",\"valueRequired\":true,\"valueName\":\"search_term_string\"}}],\"inLanguage\":\"es\"}]}<\/script>\n<!-- \/ Yoast SEO plugin. -->","yoast_head_json":{"title":"Pintolin - Pintolux","description":"Pintolin - pintura econ\u00f3mica y rendidora para interiores y exteriores. Ideal para espacios peque\u00f1os, con m\u00e1ximo rendimiento y f\u00e1cil aplicaci\u00f3n.","robots":{"index":"index","follow":"follow","max-snippet":"max-snippet:-1","max-image-preview":"max-image-preview:large","max-video-preview":"max-video-preview:-1"},"canonical":"https:\/\/pintolux.com.mx\/wp\/producto\/pintolin\/","og_locale":"es_ES","og_type":"article","og_title":"Pintolin - Pintolux","og_description":"Pintolin - pintura econ\u00f3mica y rendidora para interiores y exteriores. Ideal para espacios peque\u00f1os, con m\u00e1ximo rendimiento y f\u00e1cil aplicaci\u00f3n.","og_url":"https:\/\/pintolux.com.mx\/wp\/producto\/pintolin\/","og_site_name":"Pintolux","article_modified_time":"2025-12-05T04:03:42+00:00","og_image":[{"width":1200,"height":1167,"url":"https:\/\/res.cloudinary.com\/dxa0gho9p\/images\/f_auto,q_auto\/v1760717975\/PINTOLIN\/PINTOLIN.png?_i=AA","type":"image\/png"}],"twitter_card":"summary_large_image","twitter_misc":{"Tiempo de lectura":"2 minutos"},"schema":{"@context":"https:\/\/schema.org","@graph":[{"@type":"WebPage","@id":"https:\/\/pintolux.com.mx\/wp\/producto\/pintolin\/","url":"https:\/\/pintolux.com.mx\/wp\/producto\/pintolin\/","name":"Pintolin - Pintolux","isPartOf":{"@id":"https:\/\/pintolux.com.mx\/wp\/#website"},"primaryImageOfPage":{"@id":"https:\/\/pintolux.com.mx\/wp\/producto\/pintolin\/#primaryimage"},"image":{"@id":"https:\/\/pintolux.com.mx\/wp\/producto\/pintolin\/#primaryimage"},"thumbnailUrl":"https:\/\/res.cloudinary.com\/dxa0gho9p\/images\/f_auto,q_auto\/v1760717975\/PINTOLIN\/PINTOLIN.png?_i=AA","datePublished":"2024-05-24T17:08:10+00:00","dateModified":"2025-12-05T04:03:42+00:00","description":"Pintolin - pintura econ\u00f3mica y rendidora para interiores y exteriores. Ideal para espacios peque\u00f1os, con m\u00e1ximo rendimiento y f\u00e1cil aplicaci\u00f3n.","breadcrumb":{"@id":"https:\/\/pintolux.com.mx\/wp\/producto\/pintolin\/#breadcrumb"},"inLanguage":"es","potentialAction":[{"@type":"ReadAction","target":["https:\/\/pintolux.com.mx\/wp\/producto\/pintolin\/"]}]},{"@type":"ImageObject","inLanguage":"es","@id":"https:\/\/pintolux.com.mx\/wp\/producto\/pintolin\/#primaryimage","url":"https:\/\/res.cloudinary.com\/dxa0gho9p\/images\/f_auto,q_auto\/v1760717975\/PINTOLIN\/PINTOLIN.png?_i=AA","contentUrl":"https:\/\/res.cloudinary.com\/dxa0gho9p\/images\/f_auto,q_auto\/v1760717975\/PINTOLIN\/PINTOLIN.png?_i=AA","width":1200,"height":1167},{"@type":"BreadcrumbList","@id":"https:\/\/pintolux.com.mx\/wp\/producto\/pintolin\/#breadcrumb","itemListElement":[{"@type":"ListItem","position":1,"name":"Home","item":"https:\/\/pintolux.com.mx\/wp\/"},{"@type":"ListItem","position":2,"name":"Tienda","item":"https:\/\/pintolux.com.mx\/wp\/tienda\/"},{"@type":"ListItem","position":3,"name":"Pintolin"}]},{"@type":"WebSite","@id":"https:\/\/pintolux.com.mx\/wp\/#website","url":"https:\/\/pintolux.com.mx\/wp\/","name":"Pintolux","description":"Empresa 100% Mexicana con la mejor calidad en pintura vin\u00edlica, esmaltes, productos para madera, industriales y mucho m\u00e1s.","potentialAction":[{"@type":"SearchAction","target":{"@type":"EntryPoint","urlTemplate":"https:\/\/pintolux.com.mx\/wp\/?s={search_term_string}"},"query-input":{"@type":"PropertyValueSpecification","valueRequired":true,"valueName":"search_term_string"}}],"inLanguage":"es"}]}},"_links":{"self":[{"href":"https:\/\/pintolux.com.mx\/wp\/wp-json\/wp\/v2\/product\/498","targetHints":{"allow":["GET"]}}],"collection":[{"href":"https:\/\/pintolux.com.mx\/wp\/wp-json\/wp\/v2\/product"}],"about":[{"href":"https:\/\/pintolux.com.mx\/wp\/wp-json\/wp\/v2\/types\/product"}],"replies":[{"embeddable":true,"href":"https:\/\/pintolux.com.mx\/wp\/wp-json\/wp\/v2\/comments?post=498"}],"version-history":[{"count":0,"href":"https:\/\/pintolux.com.mx\/wp\/wp-json\/wp\/v2\/product\/498\/revisions"}],"wp:featuredmedia":[{"embeddable":true,"href":"https:\/\/pintolux.com.mx\/wp\/wp-json\/wp\/v2\/media\/27968"}],"wp:attachment":[{"href":"https:\/\/pintolux.com.mx\/wp\/wp-json\/wp\/v2\/media?parent=498"}],"wp:term":[{"taxonomy":"product_brand","embeddable":true,"href":"https:\/\/pintolux.com.mx\/wp\/wp-json\/wp\/v2\/product_brand?post=498"},{"taxonomy":"product_cat","embeddable":true,"href":"https:\/\/pintolux.com.mx\/wp\/wp-json\/wp\/v2\/product_cat?post=498"},{"taxonomy":"product_tag","embeddable":true,"href":"https:\/\/pintolux.com.mx\/wp\/wp-json\/wp\/v2\/product_tag?post=498"}],"curies":[{"name":"wp","href":"https:\/\/api.w.org\/{rel}","templated":true}]}}